{"id":329,"date":"2011-07-19T15:37:19","date_gmt":"2011-07-19T15:37:19","guid":{"rendered":"http:\/\/www.tutticanti.fr?page_id=329"},"modified":"2018-09-15T12:43:46","modified_gmt":"2018-09-15T10:43:46","slug":"accueil","status":"publish","type":"page","link":"https:\/\/www.tutticanti.fr\/","title":{"rendered":"Bienvenue sur le site de la Chorale Tutti Canti"},"content":{"rendered":"<p style=\"text-align: left;\">\u00a0<strong>\u00a0\u00a0\u00a0\u00a0\u00a0\u00a0<a href=\"http:\/\/www.tutticanti.fr\/wp-content\/uploads\/2018\/09\/Chambovet-2018.jpg\"><img loading=\"lazy\" decoding=\"async\" class=\"aligncenter wp-image-4785 size-large\" src=\"http:\/\/www.tutticanti.fr\/wp-content\/uploads\/2018\/09\/Chambovet-2018-1024x552.jpg\" alt=\"\" width=\"695\" height=\"375\" srcset=\"https:\/\/www.tutticanti.fr\/wp-content\/uploads\/2018\/09\/Chambovet-2018-1024x552.jpg 1024w, https:\/\/www.tutticanti.fr\/wp-content\/uploads\/2018\/09\/Chambovet-2018-300x162.jpg 300w, https:\/\/www.tutticanti.fr\/wp-content\/uploads\/2018\/09\/Chambovet-2018-768x414.jpg 768w\" sizes=\"auto, (max-width: 695px) 100vw, 695px\" \/><\/a><\/strong><\/p>\n<h5 style=\"text-align: center;\"><span style=\"color: #ff6600;\"><strong><span style=\"text-decoration: underline;\">Tutti Canti<\/span><\/strong><\/span><\/h5>\n<ul>\n<li><span class=\"Apple-style-span\" style=\"color: #333333;\">Un r\u00e9pertoire dynamique et sympa<\/span><\/li>\n<li><span style=\"color: #333333;\">Des r\u00e9p\u00e9titions studieuses et amicales<\/span><\/li>\n<li><span style=\"color: #333333;\"><span class=\"Apple-style-span\">De nombreux\u00a0projets : concerts,<\/span><span class=\"Apple-style-span\">\u00a0\u00e9changes avec d&rsquo;autres choeurs (Italie, Perpignan &#8230;)<\/span><\/span><\/li>\n<\/ul>\n<p><a href=\"http:\/\/www.tutticanti.fr\/wp-content\/uploads\/2011\/07\/Concert-Tutti-Canti.....-Mai-2014-004.jpg\"><img loading=\"lazy\" decoding=\"async\" class=\"aligncenter size-large wp-image-3318\" src=\"http:\/\/www.tutticanti.fr\/wp-content\/uploads\/2011\/07\/Concert-Tutti-Canti.....-Mai-2014-004-1024x561.jpg\" alt=\"Concert Tutti Canti..... Mai 2014 004\" width=\"695\" height=\"380\" srcset=\"https:\/\/www.tutticanti.fr\/wp-content\/uploads\/2011\/07\/Concert-Tutti-Canti.....-Mai-2014-004-1024x561.jpg 1024w, https:\/\/www.tutticanti.fr\/wp-content\/uploads\/2011\/07\/Concert-Tutti-Canti.....-Mai-2014-004-300x164.jpg 300w\" sizes=\"auto, (max-width: 695px) 100vw, 695px\" \/><\/a><\/p>\n<h5 style=\"text-align: center;\"><strong>\u00a0 <span style=\"text-decoration: underline;\"><span style=\"color: #ff6600; text-decoration: underline;\">Ce que nos choristes disent du chant choral<\/span><\/span><\/strong><span style=\"color: #ff6600;\"><br \/>\n<\/span><\/h5>\n<p><span style=\"color: #5c5c5c;\"><strong><em><strong><em><em><em>Le plaisir de chanter en groupe, <strong><em><em><em><strong><em>c\u2019est pour tous, hommes et femmes<br \/>\n<strong><em><em>Chanter \u00e0 tout \u00e2ge, quel plaisir!<\/em><\/em><\/strong><\/em><\/strong><\/em><\/em><\/em><\/strong><\/em><\/em><\/em><\/strong><br \/>\n<\/em><\/strong><\/span><span style=\"color: #5c5c5c;\"><strong><em>Partager en couple la passion du chant&#8230;. <\/em><em>j\u2019attends chaque lundi soir avec impatience<\/em><em><em><em><br \/>\n<\/em><\/em><\/em><\/strong><\/span><span style=\"color: #5c5c5c;\"><strong><em><em><em><br \/>\n<\/em><\/em><\/em><\/strong><\/span><span style=\"color: #5c5c5c;\"><strong><em>Chanter, c\u2019est bon pour le moral<strong><em><em><em><br \/>\n<\/em><\/em><\/em><\/strong><\/em><\/strong><\/span><span style=\"color: #5c5c5c;\"><strong><em><strong><em><em><em><strong><em>Chanter, c\u2019est bon pour la m\u00e9moire et la concentration<\/em><\/strong>,<br \/>\nChanter, \u00e7a \u00e9vite de prendre des anti<\/em><em>d\u00e9presseurs<\/em><\/em><\/em><\/strong><br \/>\nC\u2019est un excellent exercice physique et mental qui d\u00e9veloppe l\u2019\u00e9coute<em>, l\u2019expression et le d\u00e9veloppement de soi<br \/>\n<\/em><\/em><\/strong><\/span><span style=\"color: #5c5c5c;\"><strong><em><em><em><br \/>\n<\/em><\/em><\/em><\/strong><\/span><span style=\"color: #5c5c5c;\"><strong><em><em><em>Voyager par le chant, le compositeur, les interpr\u00e8tes, la musique, les styles, \u2026<\/em><\/em><\/em><em><em><br \/>\nChanter dans toutes les langues,<\/em><\/em><\/strong><\/span><span style=\"color: #5c5c5c;\"><strong><em><em><em> \u00e9changes entre chorales permettent de tisser des liens amicaux<br \/>\n<\/em><\/em><\/em><\/strong><\/span><span style=\"color: #5c5c5c;\"><strong><em>Chanter dans une chorale, c\u2019est cr\u00e9er un lien social&#8230;<\/em><\/strong><\/span><\/p>\n<p><span style=\"color: #5c5c5c;\"><strong><em>Je ne connais pas le solf\u00e8ge et pourtant je m\u2019en sors tr\u00e8s bien !<br \/>\nJe croyais que je chantais faux\u2026<br \/>\n<\/em><\/strong><\/span><span style=\"color: #5c5c5c;\"><strong><em><em>Pro ou d\u00e9butant, toujours le m\u00eame plaisir!<\/em><\/em><\/strong><\/span><\/p>\n<p>&nbsp;<\/p>\n","protected":false},"excerpt":{"rendered":"<p>\u00a0\u00a0\u00a0\u00a0\u00a0\u00a0\u00a0 Tutti Canti Un r\u00e9pertoire dynamique et sympa Des r\u00e9p\u00e9titions studieuses et amicales De nombreux\u00a0projets : concerts,\u00a0\u00e9changes avec d&rsquo;autres choeurs (Italie, Perpignan &#8230;) \u00a0 Ce que nos choristes disent du chant choral Le plaisir de chanter en groupe, c\u2019est pour tous, hommes et femmes Chanter \u00e0 tout \u00e2ge, quel plaisir! Partager en couple la passion <a href='https:\/\/www.tutticanti.fr\/' class='excerpt-more'>[&#8230;]<\/a><\/p>\n","protected":false},"author":1,"featured_media":0,"parent":0,"menu_order":0,"comment_status":"closed","ping_status":"open","template":"","meta":{"footnotes":""},"class_list":["post-329","page","type-page","status-publish","hentry","post-seq-1","post-parity-odd","meta-position-corners","fix"],"_links":{"self":[{"href":"https:\/\/www.tutticanti.fr\/index.php?rest_route=\/wp\/v2\/pages\/329","targetHints":{"allow":["GET"]}}],"collection":[{"href":"https:\/\/www.tutticanti.fr\/index.php?rest_route=\/wp\/v2\/pages"}],"about":[{"href":"https:\/\/www.tutticanti.fr\/index.php?rest_route=\/wp\/v2\/types\/page"}],"author":[{"embeddable":true,"href":"https:\/\/www.tutticanti.fr\/index.php?rest_route=\/wp\/v2\/users\/1"}],"replies":[{"embeddable":true,"href":"https:\/\/www.tutticanti.fr\/index.php?rest_route=%2Fwp%2Fv2%2Fcomments&post=329"}],"version-history":[{"count":150,"href":"https:\/\/www.tutticanti.fr\/index.php?rest_route=\/wp\/v2\/pages\/329\/revisions"}],"predecessor-version":[{"id":4786,"href":"https:\/\/www.tutticanti.fr\/index.php?rest_route=\/wp\/v2\/pages\/329\/revisions\/4786"}],"wp:attachment":[{"href":"https:\/\/www.tutticanti.fr\/index.php?rest_route=%2Fwp%2Fv2%2Fmedia&parent=329"}],"curies":[{"name":"wp","href":"https:\/\/api.w.org\/{rel}","templated":true}]}}