{"id":13,"date":"2021-12-04T21:13:58","date_gmt":"2021-12-04T20:13:58","guid":{"rendered":"http:\/\/www.tutticanti.fr?page_id=13"},"modified":"2025-11-25T16:56:57","modified_gmt":"2025-11-25T15:56:57","slug":"le-bureau","status":"publish","type":"page","link":"https:\/\/www.tutticanti.fr\/?page_id=13","title":{"rendered":"Le bureau"},"content":{"rendered":"<div>\n<h2>CA ann\u00e9e 2025-2026<\/h2>\n<p>Le bureau a \u00e9t\u00e9 compl\u00e9t\u00e9 lors de notre assembl\u00e9e g\u00e9n\u00e9rale du 22 septembre 2025.<\/p>\n<p>Le bureau a attribu\u00e9 les postes de Pr\u00e9sident, Tr\u00e9sorier et Secr\u00e9taire au cours de se r\u00e9union du 22\/09\/2025<\/p>\n<p>Liste des membres (par ordre alphab\u00e9tique) :<\/p>\n<p>Alain BORTOT : Pr\u00e9sident<\/p>\n<p>Lionel BOURGER : Tr\u00e9sorier<\/p>\n<p>V\u00e9rane BOURGER : Cheffe de choeur<\/p>\n<p>Luc GUILLON<\/p>\n<p>Gilles PORTIER<\/p>\n<p>Raymond ROUM\u00c9AS<\/p>\n<\/div>\n<p>Un grand merci aux membres qui ont quitt\u00e9 le bureau cette ann\u00e9e mais se sont grandement investis les ann\u00e9es pr\u00e9c\u00e9dentes pour faire fonctionner dans de tr\u00e8s bonnes conditions notre chorale.<\/p>\n","protected":false},"excerpt":{"rendered":"<p>CA ann\u00e9e 2025-2026 Le bureau a \u00e9t\u00e9 compl\u00e9t\u00e9 lors de notre assembl\u00e9e g\u00e9n\u00e9rale du 22 septembre 2025. Le bureau a attribu\u00e9 les postes de Pr\u00e9sident, Tr\u00e9sorier et Secr\u00e9taire au cours de se r\u00e9union du 22\/09\/2025 Liste des membres (par ordre alphab\u00e9tique) : Alain BORTOT : Pr\u00e9sident Lionel BOURGER : Tr\u00e9sorier V\u00e9rane BOURGER : Cheffe de <a href='https:\/\/www.tutticanti.fr\/?page_id=13' class='excerpt-more'>[&#8230;]<\/a><\/p>\n","protected":false},"author":1,"featured_media":0,"parent":0,"menu_order":0,"comment_status":"closed","ping_status":"open","template":"","meta":{"footnotes":""},"class_list":["post-13","page","type-page","status-publish","hentry","post-seq-1","post-parity-odd","meta-position-corners","fix"],"_links":{"self":[{"href":"https:\/\/www.tutticanti.fr\/index.php?rest_route=\/wp\/v2\/pages\/13","targetHints":{"allow":["GET"]}}],"collection":[{"href":"https:\/\/www.tutticanti.fr\/index.php?rest_route=\/wp\/v2\/pages"}],"about":[{"href":"https:\/\/www.tutticanti.fr\/index.php?rest_route=\/wp\/v2\/types\/page"}],"author":[{"embeddable":true,"href":"https:\/\/www.tutticanti.fr\/index.php?rest_route=\/wp\/v2\/users\/1"}],"replies":[{"embeddable":true,"href":"https:\/\/www.tutticanti.fr\/index.php?rest_route=%2Fwp%2Fv2%2Fcomments&post=13"}],"version-history":[{"count":203,"href":"https:\/\/www.tutticanti.fr\/index.php?rest_route=\/wp\/v2\/pages\/13\/revisions"}],"predecessor-version":[{"id":5589,"href":"https:\/\/www.tutticanti.fr\/index.php?rest_route=\/wp\/v2\/pages\/13\/revisions\/5589"}],"wp:attachment":[{"href":"https:\/\/www.tutticanti.fr\/index.php?rest_route=%2Fwp%2Fv2%2Fmedia&parent=13"}],"curies":[{"name":"wp","href":"https:\/\/api.w.org\/{rel}","templated":true}]}}