{"id":1056,"date":"2011-11-07T16:03:48","date_gmt":"2011-11-07T15:03:48","guid":{"rendered":"http:\/\/www.tutticanti.fr\/?page_id=1056"},"modified":"2014-02-06T21:28:42","modified_gmt":"2014-02-06T20:28:42","slug":"newsletter","status":"publish","type":"page","link":"https:\/\/www.tutticanti.fr\/?page_id=1056","title":{"rendered":"Recevoir une invitation"},"content":{"rendered":"<p>Afin de faciliter la communication \u00e0 propos\u00a0des concerts de la Chorale Tutti Canti, nous vous proposons de vous inscrire au <strong><span style=\"color: #fe3d00;\">Bulletin d&rsquo;Information Concerts<\/span><\/strong>.<\/p>\n<p><img loading=\"lazy\" decoding=\"async\" class=\"alignleft size-full wp-image-1079\" title=\"mailing\" alt=\"\" src=\"http:\/\/www.tutticanti.fr\/wp-content\/uploads\/2011\/11\/mailing1.png\" width=\"300\" height=\"237\" \/><\/p>\n<p>&nbsp;<\/p>\n<p>Ainsi, \u00e0 l&rsquo;approche de chaque concert, nous vous informerons de l&rsquo;\u00e9v\u00e9nement \u00e0 venir et vous enverrons <span style=\"color: #ff3300;\"><strong>une invitation<\/strong><\/span>.<\/p>\n<p>Il vous suffit de remplir\u00a0le formulaire ci-dessous et de valider en cliquant sur le lien pr\u00e9sent dans le mail de validation que vous recevrez tr\u00e8s rapidement dans votre bo\u00eete mail.<\/p>\n<p>&nbsp;<\/p>\n<div id='alo_easymail_page'><div id='alo_em_widget_loading' class='alo_em_widget_loading' style='display:none;'><img src='https:\/\/www.tutticanti.fr\/wp-content\/plugins\/alo-easymail\/images\/wpspin_light.gif' alt='' style='vertical-align:middle' \/> envoi en cours...<\/div>\n<div id='alo_easymail_widget_feedback'><\/div>\n<form name='alo_easymail_widget_form' id='alo_easymail_widget_form' class='alo_easymail_widget_form alo_easymail_widget_form_public' method='post' action='' onsubmit='alo_em_pubblic_form();return false;'>\n<table class='alo_easymail_form_table'><tbody>\n  <tr>\n    <td><label for='opt_name'>Nom<\/label><\/td>    <td><input type='text' name='alo_em_opt_name' value='' id='opt_name' maxlength='50' class='input-text' \/><\/td>\n  <\/tr>\n  <tr>\n    <td><label for='opt_email'>E-mail<\/label><\/td>\n    <td><input type='text' name='alo_em_opt_email' value='' id='opt_email' maxlength='50' class='input-text' \/><\/td>\n  <\/tr>\n<\/tbody><\/table>\n<div class='alo_easymail_disclaimer'><label for='alo_em_privacy_agree'><input type='checkbox' name='alo_em_privacy_agree' id='alo_em_privacy_agree' value='yes' class='input-checkbox' \/>I agree to my submitted data being stored and used to receive newsletters<\/label><\/div>\n<input type='submit' name='submit' value='S&#039;abonner' class='input-submit' \/>\n<\/form>\n<\/div>\n<p>&nbsp;<\/p>\n<blockquote><p><em>Nous nous engageons de notre c\u00f4t\u00e9 \u00e0 utiliser votre email uniquement pour vous communiquer les\u00a0informations concernant les concerts.<\/em><\/p>\n<p><em>Vous pouvez demander votre d\u00e9sinscription \u00e0 tout moment en cliquant sur le lien suivant: <a href=\"mailto:choeurs.tutti.canti@free.fr?subject=D\u00e9sinscription de la liste de diffusion&#038;body=Bonjour%0D%0AVous remerciant de me d\u00e9sinscrire de votre liste de diffusion.%0D%0ACordialement\">me d\u00e9sinscrire<\/a><br \/>\n<\/em><\/p><\/blockquote>\n","protected":false},"excerpt":{"rendered":"<p>Afin de faciliter la communication \u00e0 propos\u00a0des concerts de la Chorale Tutti Canti, nous vous proposons de vous inscrire au Bulletin d&rsquo;Information Concerts. &nbsp; Ainsi, \u00e0 l&rsquo;approche de chaque concert, nous vous informerons de l&rsquo;\u00e9v\u00e9nement \u00e0 venir et vous enverrons une invitation. Il vous suffit de remplir\u00a0le formulaire ci-dessous et de valider en cliquant sur <a href='https:\/\/www.tutticanti.fr\/?page_id=1056' class='excerpt-more'>[&#8230;]<\/a><\/p>\n","protected":false},"author":1,"featured_media":0,"parent":0,"menu_order":0,"comment_status":"closed","ping_status":"open","template":"","meta":{"footnotes":""},"class_list":["post-1056","page","type-page","status-publish","hentry","post-seq-1","post-parity-odd","meta-position-corners","fix"],"_links":{"self":[{"href":"https:\/\/www.tutticanti.fr\/index.php?rest_route=\/wp\/v2\/pages\/1056","targetHints":{"allow":["GET"]}}],"collection":[{"href":"https:\/\/www.tutticanti.fr\/index.php?rest_route=\/wp\/v2\/pages"}],"about":[{"href":"https:\/\/www.tutticanti.fr\/index.php?rest_route=\/wp\/v2\/types\/page"}],"author":[{"embeddable":true,"href":"https:\/\/www.tutticanti.fr\/index.php?rest_route=\/wp\/v2\/users\/1"}],"replies":[{"embeddable":true,"href":"https:\/\/www.tutticanti.fr\/index.php?rest_route=%2Fwp%2Fv2%2Fcomments&post=1056"}],"version-history":[{"count":60,"href":"https:\/\/www.tutticanti.fr\/index.php?rest_route=\/wp\/v2\/pages\/1056\/revisions"}],"predecessor-version":[{"id":1069,"href":"https:\/\/www.tutticanti.fr\/index.php?rest_route=\/wp\/v2\/pages\/1056\/revisions\/1069"}],"wp:attachment":[{"href":"https:\/\/www.tutticanti.fr\/index.php?rest_route=%2Fwp%2Fv2%2Fmedia&parent=1056"}],"curies":[{"name":"wp","href":"https:\/\/api.w.org\/{rel}","templated":true}]}}