{"id":10,"date":"2017-03-28T00:12:45","date_gmt":"2017-03-27T22:12:45","guid":{"rendered":"http:\/\/www.tutticanti.fr?page_id=10"},"modified":"2025-11-25T17:47:48","modified_gmt":"2025-11-25T16:47:48","slug":"comment-ca-marche","status":"publish","type":"page","link":"https:\/\/www.tutticanti.fr\/?page_id=10","title":{"rendered":"Comment \u00e7a marche ?"},"content":{"rendered":"<p><span style=\"color: #000000;\">Notre porte est ouverte \u00e0 tous et nous accueillons avec plaisir les nouveaux choristes, quel que soit leur niveau de culture musicale\u00a0\u00a0\u00e0 la condition essentielle qu\u2019ils soient pr\u00eats \u00e0 respecter un maximum d\u2019assiduit\u00e9, pour pouvoir se projeter dans un travail s\u00e9rieux.<\/span><\/p>\n<p><span style=\"color: #000000;\"><a href=\"http:\/\/www.tutticanti.fr\/?attachment_id=576\" rel=\"attachment wp-att-576\" data-jzz-gui-player=\"true\"><img loading=\"lazy\" decoding=\"async\" class=\"alignleft size-full wp-image-576\" style=\"margin-left: 20px; margin-right: 20px;\" title=\"chanteur03\" src=\"http:\/\/www.tutticanti.fr\/wp-content\/uploads\/2011\/06\/chanteur03.gif\" alt=\"\" width=\"114\" height=\"200\" \/><\/a>Afin que chacun puisse trouver le plaisir qu\u2019il vient chercher dans une chorale et pour \u00e9viter un ennui de routine aupr\u00e8s des plus solides, nous commen\u00e7ons souvent les apprentissages en pupitres s\u00e9par\u00e9s. Nous mettons par ailleurs \u00e0 la disposition de nos membres un logiciel (libre de droits) accompagn\u00e9 des fichiers Midi qui leur permettent de r\u00e9viser et de se tenir \u00e0 jour.<\/span><\/p>\n<p><span style=\"color: #000000;\">C\u2019est \u00e0 19 heures que commencent les \u00e9tirements et toute la pr\u00e9paration, corporelle et vocale, qui nous emm\u00e8nent loin du stress v\u00e9cu pendant la journ\u00e9e.<\/span><\/p>\n<p><span style=\"color: #000000;\">La concentration et la d\u00e9tente s\u2019installent petit \u00e0 petit et nous permettant alors d\u2019entrer en douceur dans le monde de la musique.<\/span><\/p>\n<p><strong><span style=\"color: #000000;\"><span style=\"text-decoration: underline;\"><span style=\"color: #000000;\"><a href=\"http:\/\/www.tutticanti.fr\/?attachment_id=573\" rel=\"attachment wp-att-573\" data-jzz-gui-player=\"true\"><img loading=\"lazy\" decoding=\"async\" class=\"alignright size-full wp-image-573\" style=\"margin-left: 20px; margin-right: 20px;\" title=\"chanteur04\" src=\"http:\/\/www.tutticanti.fr\/wp-content\/uploads\/2011\/06\/chanteur04.gif\" alt=\"\" width=\"124\" height=\"194\" \/><\/a>R\u00e9p\u00e9titions<\/span><\/span><span style=\"color: #000000;\"> :<\/span><\/span><\/strong><\/p>\n<ul>\n<li><span style=\"color: #000000;\"><span style=\"color: #000000;\">Elles sont h<\/span><span style=\"color: #000000;\">ebdomadaires, tous les lundis scolaires de 19 heures \u00e0 21 heures au <strong>coll\u00e8ge Gilbert Dru, 42 rue Jeanne Hachette, Lyon 3<\/strong><\/span><strong><span style=\"color: #000000;\">.<\/span><\/strong><\/span><\/li>\n<li><span style=\"color: #000000;\"><span style=\"color: #000000;\"><span style=\"color: #000000;\"><span style=\"color: #000000;\">A celles-ci s\u2019ajoutent deux, parfois trois<\/span> demi-<span style=\"color: #000000;\">journ\u00e9es d\u2019approfondissement (samedis de 13h30 \u00e0 18h30 environ). Elles permettent \u00e0 chacun de <\/span><\/span><span style=\"color: #000000;\">parfaire ses connaissances\u00a0<\/span><\/span><span style=\"color: #000000;\">tout en essayant de ma\u00eetriser les techniques vocales apport\u00e9es par l\u2019intervenant(e), responsable des ateliers de chant programm\u00e9s.<\/span><\/span><\/li>\n<\/ul>\n<p><span style=\"color: #000000;\">Les r\u00e9p\u00e9titions du samedi sont aussi des sources d\u2019instants privil\u00e9gi\u00e9s : pauses au cours desquelles on apprend \u00e0 mieux se conna\u00eetre, anniversaires, f\u00eate des rois, rires partag\u00e9s qui fusent parfois inopin\u00e9ment donnant libre cours au plaisir d\u2019\u00eatre ensemble\u2026<\/span><\/p>\n","protected":false},"excerpt":{"rendered":"<p>Notre porte est ouverte \u00e0 tous et nous accueillons avec plaisir les nouveaux choristes, quel que soit leur niveau de culture musicale\u00a0\u00a0\u00e0 la condition essentielle qu\u2019ils soient pr\u00eats \u00e0 respecter un maximum d\u2019assiduit\u00e9, pour pouvoir se projeter dans un travail s\u00e9rieux. Afin que chacun puisse trouver le plaisir qu\u2019il vient chercher dans une chorale et <a href='https:\/\/www.tutticanti.fr\/?page_id=10' class='excerpt-more'>[&#8230;]<\/a><\/p>\n","protected":false},"author":1,"featured_media":0,"parent":0,"menu_order":0,"comment_status":"closed","ping_status":"open","template":"","meta":{"footnotes":""},"class_list":["post-10","page","type-page","status-publish","hentry","post-seq-1","post-parity-odd","meta-position-corners","fix"],"_links":{"self":[{"href":"https:\/\/www.tutticanti.fr\/index.php?rest_route=\/wp\/v2\/pages\/10","targetHints":{"allow":["GET"]}}],"collection":[{"href":"https:\/\/www.tutticanti.fr\/index.php?rest_route=\/wp\/v2\/pages"}],"about":[{"href":"https:\/\/www.tutticanti.fr\/index.php?rest_route=\/wp\/v2\/types\/page"}],"author":[{"embeddable":true,"href":"https:\/\/www.tutticanti.fr\/index.php?rest_route=\/wp\/v2\/users\/1"}],"replies":[{"embeddable":true,"href":"https:\/\/www.tutticanti.fr\/index.php?rest_route=%2Fwp%2Fv2%2Fcomments&post=10"}],"version-history":[{"count":21,"href":"https:\/\/www.tutticanti.fr\/index.php?rest_route=\/wp\/v2\/pages\/10\/revisions"}],"predecessor-version":[{"id":5600,"href":"https:\/\/www.tutticanti.fr\/index.php?rest_route=\/wp\/v2\/pages\/10\/revisions\/5600"}],"wp:attachment":[{"href":"https:\/\/www.tutticanti.fr\/index.php?rest_route=%2Fwp%2Fv2%2Fmedia&parent=10"}],"curies":[{"name":"wp","href":"https:\/\/api.w.org\/{rel}","templated":true}]}}