{"id":5,"date":"2017-04-04T15:09:19","date_gmt":"2017-04-04T13:09:19","guid":{"rendered":"http:\/\/ww.tutticanti.fr\/?page_id=5"},"modified":"2021-12-04T21:32:56","modified_gmt":"2021-12-04T20:32:56","slug":"les-choeurs-tutti-canti","status":"publish","type":"page","link":"http:\/\/www.tutticanti.fr\/?page_id=5","title":{"rendered":"Le Choeur Tutti Canti"},"content":{"rendered":"<p><img loading=\"lazy\" decoding=\"async\" class=\"aligncenter size-full wp-image-610\" title=\"accueil\" src=\"http:\/\/www.tutticanti.fr\/wp-content\/uploads\/2011\/10\/accueil.png\" alt=\"\" width=\"710\" height=\"148\" srcset=\"http:\/\/www.tutticanti.fr\/wp-content\/uploads\/2011\/10\/accueil.png 710w, http:\/\/www.tutticanti.fr\/wp-content\/uploads\/2011\/10\/accueil-300x62.png 300w\" sizes=\"auto, (max-width: 710px) 100vw, 710px\" \/><\/p>\n<p style=\"text-align: justify;\">Tutti Canti a \u00e9t\u00e9 cr\u00e9\u00e9 en 2002 par les chefs de ch\u0153ur Madeleine et Marc Desroches. Il se compose actuellement d\u2019une quarantaine de choristes amateurs, adultes de tous les \u00e2ges, partageant leur passion sous la direction de deux chefs de ch\u0153ur\u00a0: V\u00e9rane Bourger et Fanny Bortot.<\/p>\n<p style=\"text-align: justify;\"><strong>Aucun niveau musical n\u2019est requis.<\/strong> Assiduit\u00e9 et concentration sont les cl\u00e9s d\u2019une progression harmonieuse.<\/p>\n<p style=\"text-align: justify;\">Le r\u00e9pertoire est constitu\u00e9 de chansons fran\u00e7aises, gospels, chants du monde\u2026 On y trouve \u00e9galement quelques pi\u00e8ces plus classiques, religieuses ou profanes, de toutes les \u00e9poques, choisies pour apporter \u00e0 chacun une grande satisfaction musicale.<\/p>\n<p style=\"text-align: justify;\">Le ch\u0153ur Tutti Canti se produit plusieurs fois chaque ann\u00e9e \u00e0 l\u2019occasion de concerts ou \u00e9v\u00e9nements priv\u00e9s, aux c\u00f4t\u00e9s de choeurs d\u2019enfants ou d\u2019adultes, en France et \u00e0 l\u2019\u00e9tranger, dans le cadre d\u2019\u00e9changes tr\u00e8s appr\u00e9ci\u00e9s des choristes.<\/p>\n<p style=\"text-align: justify;\">Chanter en ch\u0153ur, c\u2019est faire don de sa voix, rechercher l\u2019excellence, se surpasser au milieu des autres et avec eux, pour un plaisir partag\u00e9.<\/p>\n","protected":false},"excerpt":{"rendered":"<p>Tutti Canti a \u00e9t\u00e9 cr\u00e9\u00e9 en 2002 par les chefs de ch\u0153ur Madeleine et Marc Desroches. Il se compose actuellement d\u2019une quarantaine de choristes amateurs, adultes de tous les \u00e2ges, partageant leur passion sous la direction de deux chefs de ch\u0153ur\u00a0: V\u00e9rane Bourger et Fanny Bortot. Aucun niveau musical n\u2019est requis. Assiduit\u00e9 et concentration sont <a href='http:\/\/www.tutticanti.fr\/?page_id=5' class='excerpt-more'>[&#8230;]<\/a><\/p>\n","protected":false},"author":1,"featured_media":0,"parent":0,"menu_order":0,"comment_status":"closed","ping_status":"closed","template":"","meta":{"footnotes":""},"class_list":["post-5","page","type-page","status-publish","hentry","post-seq-1","post-parity-odd","meta-position-corners","fix"],"_links":{"self":[{"href":"http:\/\/www.tutticanti.fr\/index.php?rest_route=\/wp\/v2\/pages\/5","targetHints":{"allow":["GET"]}}],"collection":[{"href":"http:\/\/www.tutticanti.fr\/index.php?rest_route=\/wp\/v2\/pages"}],"about":[{"href":"http:\/\/www.tutticanti.fr\/index.php?rest_route=\/wp\/v2\/types\/page"}],"author":[{"embeddable":true,"href":"http:\/\/www.tutticanti.fr\/index.php?rest_route=\/wp\/v2\/users\/1"}],"replies":[{"embeddable":true,"href":"http:\/\/www.tutticanti.fr\/index.php?rest_route=%2Fwp%2Fv2%2Fcomments&post=5"}],"version-history":[{"count":65,"href":"http:\/\/www.tutticanti.fr\/index.php?rest_route=\/wp\/v2\/pages\/5\/revisions"}],"predecessor-version":[{"id":4967,"href":"http:\/\/www.tutticanti.fr\/index.php?rest_route=\/wp\/v2\/pages\/5\/revisions\/4967"}],"wp:attachment":[{"href":"http:\/\/www.tutticanti.fr\/index.php?rest_route=%2Fwp%2Fv2%2Fmedia&parent=5"}],"curies":[{"name":"wp","href":"https:\/\/api.w.org\/{rel}","templated":true}]}}