{"id":21,"date":"2017-03-28T00:19:58","date_gmt":"2017-03-27T22:19:58","guid":{"rendered":"http:\/\/www.tutticanti.fr?page_id=21"},"modified":"2022-04-28T18:09:56","modified_gmt":"2022-04-28T16:09:56","slug":"nous-rejoindre","status":"publish","type":"page","link":"http:\/\/www.tutticanti.fr\/?page_id=21","title":{"rendered":"Nous rejoindre&#8230;"},"content":{"rendered":"<h6><span style=\"color: #ff0000; text-decoration: underline;\"><strong><span class=\"Apple-style-span\" style=\"font-weight: normal; -webkit-text-decorations-in-effect: none;\"><span style=\"text-decoration: underline;\"><strong><span class=\"Apple-style-span\" style=\"font-weight: normal; -webkit-text-decorations-in-effect: none;\"><span style=\"text-decoration: underline;\"><strong><span class=\"Apple-style-span\" style=\"font-weight: normal; -webkit-text-decorations-in-effect: none;\"><span style=\"text-decoration: underline;\"><strong><span class=\"Apple-style-span\" style=\"font-weight: normal; -webkit-text-decorations-in-effect: none;\"><span style=\"text-decoration: underline;\"><strong><span class=\"Apple-style-span\" style=\"font-weight: normal; -webkit-text-decorations-in-effect: none;\"><span style=\"text-decoration: underline;\"><strong>Lieu de r\u00e9p\u00e9tition :<\/strong><\/span><\/span><\/strong><\/span><\/span><\/strong><\/span><\/span><\/strong><\/span><\/span><\/strong><\/span><\/span><\/strong><\/span><\/h6>\n<p style=\"text-align: center;\"><span class=\"Apple-style-span\"><span style=\"color: #333333;\"><strong>Coll\u00e8ge Gilbert Dru, 42 rue Jeanne Hachette, Lyon 3<\/strong><\/span><br \/>\n<\/span><\/p>\n<h6><span style=\"color: #ff0000; text-decoration: underline;\"><strong>Horaires &#8211; Fr\u00e9quence :<\/strong><\/span><\/h6>\n<p><img decoding=\"async\" class=\" wp-image-565 alignright\" style=\"border-width: 0px;\" title=\"chanteur02\" src=\"http:\/\/www.tutticanti.fr\/wp-content\/uploads\/2011\/06\/chanteur01.gif\" alt=\"\" \/><\/p>\n<p style=\"text-align: center;\"><span style=\"color: #333333;\"><strong>Tous les lundis scolaires de 19h \u00e0 21h<\/strong><\/span><\/p>\n<div style=\"text-align: center;\"><span style=\"color: #000000;\">De mi-septembre \u00e0 fin juin<\/span><br \/>\n<span style=\"color: #fe5100;\">+<\/span><br \/>\n<span style=\"color: #000000;\">4 samedis d\u2019approfondissement, avec interventions de professionnels<\/span><br \/>\n<span style=\"color: #fe5100;\">+<\/span><br \/>\n<span style=\"color: #000000;\">concerts ou \u00e9v\u00e9nements familiaux<\/span><\/div>\n<p>&nbsp;<\/p>\n<p>&nbsp;<\/p>\n<h6><span style=\"color: #ff0000; text-decoration: underline;\">\u00a0<\/span><span style=\"text-decoration: underline;\"><strong>Vous voulez nous rejoindre ou avoir de plus amples informations\u00a0?<\/strong><\/span><\/h6>\n<p>&nbsp;<\/p>\n<p><img decoding=\"async\" class=\"alignleft size-full wp-image-582\" title=\"chanteuse01\" src=\"http:\/\/www.tutticanti.fr\/wp-content\/uploads\/2011\/06\/chanteuse01.gif\" alt=\"\" height=\"150\" \/><\/p>\n<p style=\"text-align: center;\">Contactez les membres du bureau par mail :<\/p>\n<h5 style=\"text-align: center;\"><span class=\"Apple-style-span\" style=\"color: #ff0000;\"><strong>bureau-tutticanti@googlegroups.com<\/strong><\/span><\/h5>\n<p style=\"padding-left: 120px;\"><span style=\"color: #ffffff;\">.<\/span><\/p>\n<p>&nbsp;<\/p>\n<div style=\"text-align: left;\"><\/div>\n<h5 style=\"text-align: center;\"><strong>A bient\u00f4t\u00a0!!<\/strong><\/h5>\n<p>&nbsp;<\/p>\n","protected":false},"excerpt":{"rendered":"<p>Lieu de r\u00e9p\u00e9tition : Coll\u00e8ge Gilbert Dru, 42 rue Jeanne Hachette, Lyon 3 Horaires &#8211; Fr\u00e9quence : Tous les lundis scolaires de 19h \u00e0 21h De mi-septembre \u00e0 fin juin + 4 samedis d\u2019approfondissement, avec interventions de professionnels + concerts ou \u00e9v\u00e9nements familiaux &nbsp; &nbsp; \u00a0Vous voulez nous rejoindre ou avoir de plus amples informations\u00a0? <a href='http:\/\/www.tutticanti.fr\/?page_id=21' class='excerpt-more'>[&#8230;]<\/a><\/p>\n","protected":false},"author":1,"featured_media":0,"parent":0,"menu_order":0,"comment_status":"closed","ping_status":"open","template":"","meta":{"footnotes":""},"class_list":["post-21","page","type-page","status-publish","hentry","post-seq-1","post-parity-odd","meta-position-corners","fix"],"_links":{"self":[{"href":"http:\/\/www.tutticanti.fr\/index.php?rest_route=\/wp\/v2\/pages\/21","targetHints":{"allow":["GET"]}}],"collection":[{"href":"http:\/\/www.tutticanti.fr\/index.php?rest_route=\/wp\/v2\/pages"}],"about":[{"href":"http:\/\/www.tutticanti.fr\/index.php?rest_route=\/wp\/v2\/types\/page"}],"author":[{"embeddable":true,"href":"http:\/\/www.tutticanti.fr\/index.php?rest_route=\/wp\/v2\/users\/1"}],"replies":[{"embeddable":true,"href":"http:\/\/www.tutticanti.fr\/index.php?rest_route=%2Fwp%2Fv2%2Fcomments&post=21"}],"version-history":[{"count":159,"href":"http:\/\/www.tutticanti.fr\/index.php?rest_route=\/wp\/v2\/pages\/21\/revisions"}],"predecessor-version":[{"id":4977,"href":"http:\/\/www.tutticanti.fr\/index.php?rest_route=\/wp\/v2\/pages\/21\/revisions\/4977"}],"wp:attachment":[{"href":"http:\/\/www.tutticanti.fr\/index.php?rest_route=%2Fwp%2Fv2%2Fmedia&parent=21"}],"curies":[{"name":"wp","href":"https:\/\/api.w.org\/{rel}","templated":true}]}}